{"id":853,"date":"2019-04-11T15:28:49","date_gmt":"2019-04-11T13:28:49","guid":{"rendered":"https:\/\/www.domainedutrappeur.com\/?page_id=853"},"modified":"2026-04-06T16:04:52","modified_gmt":"2026-04-06T14:04:52","slug":"restaurant","status":"publish","type":"page","link":"https:\/\/www.domainedutrappeur.com\/de\/restaurant\/","title":{"rendered":"Restaurant"},"content":{"rendered":"<div class=\"fusion-fullwidth fullwidth-box fusion-builder-row-1 nonhundred-percent-fullwidth non-hundred-percent-height-scrolling\" style=\"--awb-border-radius-top-left:0px;--awb-border-radius-top-right:0px;--awb-border-radius-bottom-right:0px;--awb-border-radius-bottom-left:0px;\" ><div class=\"fusion-builder-row fusion-row\"><div class=\"fusion-layout-column fusion_builder_column fusion-builder-column-0 fusion_builder_column_1_2 1_2 fusion-one-half fusion-column-first\" style=\"--awb-bg-blend:overlay;--awb-bg-size:cover;width:50%;width:calc(50% - ( ( 4% ) * 0.5 ) );margin-right: 4%;\"><div class=\"fusion-column-wrapper fusion-flex-column-wrapper-legacy\"><div class=\"fusion-text fusion-text-1\"><p><strong>Originelle Rezepte, gute lokale Produkte und besonders Kochtalent, um Ihre Gaumen zu verw\u00f6hnen!<\/strong><\/p>\n<p>Unser Restaurant, mit einer Kapazit\u00e4t von 40 Personen im Saal und auf der Veranda (ausgenommen Terrasse), bietet Ihnen Gerichte und Desserts aus qualitativen regionalen Produkten an, die von unserem Team vor Ort zubereitet werden.<\/p>\n<p>Sie k\u00f6nnen die Bar-Restaurant t\u00e4glich von 15Uhr besuchen. Auf unseren offenen und schattigen oder \u00fcberdachten Terrassen k\u00f6nnen Sie w\u00e4hrend der Saison t\u00e4glich unser Angebot genie\u00dfen und von einer einzigartigen Aussicht und Ruhe profitieren.<\/p>\n<p>Nachmittags\u00a0 genie\u00dfen Sie Erfrischungen (Fruchts\u00e4fte, Milkshakes und Soda). Und warum nicht zur Aperitifzeit kommen, um ein sch\u00f6nes belgisches Bier und seinen Aperitif-Teller zu genie\u00dfen?<\/p>\n<p>An einigen Abenden gibt es Musik, damit Sie in herzlicher und geselliger Atmosph\u00e4re Ihren Tag in Ruhe ausklingen lassen k\u00f6nnen.<\/p>\n<\/div><div class=\"fusion-aligncenter\"><a class=\"fusion-button button-flat fusion-button-default-size button-default fusion-button-default button-1 fusion-button-default-span fusion-button-default-type\" target=\"_blank\" rel=\"noopener noreferrer\" href=\"https:\/\/www.domainedutrappeur.com\/wp-content\/uploads\/2025\/12\/Trappers-table.pdf\"><span class=\"fusion-button-text\">Siehe unsere Karte<\/span><\/a><\/div><div class=\"fusion-clearfix\"><\/div><\/div><\/div><div class=\"fusion-layout-column fusion_builder_column fusion-builder-column-1 fusion_builder_column_1_2 1_2 fusion-one-half fusion-column-last\" style=\"--awb-bg-blend:overlay;--awb-bg-size:cover;width:50%;width:calc(50% - ( ( 4% ) * 0.5 ) );\"><div class=\"fusion-column-wrapper fusion-flex-column-wrapper-legacy\"><div class=\"fusion-slider-sc fusion-flexslider-loading flexslider flexslider-hover-type-zoomin\" data-slideshow_autoplay=\"1\" data-slideshow_smooth_height=\"0\" data-slideshow_speed=\"7000\" style=\"max-width:100%;height:100%;\"><ul class=\"slides\"><li class=\"image\"><span class=\"fusion-image-hover-element hover-type-zoomin\"><img decoding=\"async\" src=\"https:\/\/www.domainedutrappeur.com\/wp-content\/uploads\/2024\/06\/Magret-de-Canard-300x169.jpg\" width=\"300\" height=\"169\" class=\"wp-image-6758\" srcset=\"https:\/\/www.domainedutrappeur.com\/wp-content\/uploads\/2024\/06\/Magret-de-Canard-200x113.jpg 200w, https:\/\/www.domainedutrappeur.com\/wp-content\/uploads\/2024\/06\/Magret-de-Canard-400x225.jpg 400w, https:\/\/www.domainedutrappeur.com\/wp-content\/uploads\/2024\/06\/Magret-de-Canard-600x338.jpg 600w, https:\/\/www.domainedutrappeur.com\/wp-content\/uploads\/2024\/06\/Magret-de-Canard-800x450.jpg 800w, https:\/\/www.domainedutrappeur.com\/wp-content\/uploads\/2024\/06\/Magret-de-Canard-1200x675.jpg 1200w, https:\/\/www.domainedutrappeur.com\/wp-content\/uploads\/2024\/06\/Magret-de-Canard.jpg 1599w\" sizes=\"(max-width: 1024px) 100vw, 800px\" \/><\/span><\/li><li class=\"image\"><span class=\"fusion-image-hover-element hover-type-zoomin\"><img decoding=\"async\" src=\"https:\/\/www.domainedutrappeur.com\/wp-content\/uploads\/2023\/02\/resto-3.jpg\" width=\"1200\" height=\"801\" class=\"wp-image-5171\" srcset=\"https:\/\/www.domainedutrappeur.com\/wp-content\/uploads\/2023\/02\/resto-3-200x134.jpg 200w, https:\/\/www.domainedutrappeur.com\/wp-content\/uploads\/2023\/02\/resto-3-400x267.jpg 400w, https:\/\/www.domainedutrappeur.com\/wp-content\/uploads\/2023\/02\/resto-3-600x401.jpg 600w, https:\/\/www.domainedutrappeur.com\/wp-content\/uploads\/2023\/02\/resto-3-800x534.jpg 800w, https:\/\/www.domainedutrappeur.com\/wp-content\/uploads\/2023\/02\/resto-3.jpg 1200w\" sizes=\"(max-width: 1024px) 100vw, 800px\" \/><\/span><\/li><li class=\"image\"><span class=\"fusion-image-hover-element hover-type-zoomin\"><img decoding=\"async\" src=\"https:\/\/www.domainedutrappeur.com\/wp-content\/uploads\/2024\/06\/Salade-Nicoise-300x169.jpg\" width=\"300\" height=\"169\" class=\"wp-image-6764\" srcset=\"https:\/\/www.domainedutrappeur.com\/wp-content\/uploads\/2024\/06\/Salade-Nicoise-200x113.jpg 200w, https:\/\/www.domainedutrappeur.com\/wp-content\/uploads\/2024\/06\/Salade-Nicoise-400x225.jpg 400w, https:\/\/www.domainedutrappeur.com\/wp-content\/uploads\/2024\/06\/Salade-Nicoise-600x338.jpg 600w, https:\/\/www.domainedutrappeur.com\/wp-content\/uploads\/2024\/06\/Salade-Nicoise-800x450.jpg 800w, https:\/\/www.domainedutrappeur.com\/wp-content\/uploads\/2024\/06\/Salade-Nicoise-1200x675.jpg 1200w, https:\/\/www.domainedutrappeur.com\/wp-content\/uploads\/2024\/06\/Salade-Nicoise-rotated.jpg 1599w\" sizes=\"(max-width: 1024px) 100vw, 800px\" \/><\/span><\/li><li class=\"image\"><span class=\"fusion-image-hover-element hover-type-zoomin\"><img decoding=\"async\" src=\"https:\/\/www.domainedutrappeur.com\/wp-content\/uploads\/2023\/02\/resto-4.jpg\" width=\"1024\" height=\"685\" class=\"wp-image-5174\" srcset=\"https:\/\/www.domainedutrappeur.com\/wp-content\/uploads\/2023\/02\/resto-4-200x134.jpg 200w, https:\/\/www.domainedutrappeur.com\/wp-content\/uploads\/2023\/02\/resto-4-400x268.jpg 400w, https:\/\/www.domainedutrappeur.com\/wp-content\/uploads\/2023\/02\/resto-4-600x401.jpg 600w, https:\/\/www.domainedutrappeur.com\/wp-content\/uploads\/2023\/02\/resto-4-800x535.jpg 800w, https:\/\/www.domainedutrappeur.com\/wp-content\/uploads\/2023\/02\/resto-4.jpg 1024w\" sizes=\"(max-width: 1024px) 100vw, 800px\" \/><\/span><\/li><li class=\"image\"><span class=\"fusion-image-hover-element hover-type-zoomin\"><img decoding=\"async\" src=\"https:\/\/www.domainedutrappeur.com\/wp-content\/uploads\/2024\/06\/Raclette-300x169.jpg\" width=\"300\" height=\"169\" class=\"wp-image-6761\" srcset=\"https:\/\/www.domainedutrappeur.com\/wp-content\/uploads\/2024\/06\/Raclette-200x113.jpg 200w, https:\/\/www.domainedutrappeur.com\/wp-content\/uploads\/2024\/06\/Raclette-400x225.jpg 400w, https:\/\/www.domainedutrappeur.com\/wp-content\/uploads\/2024\/06\/Raclette-600x338.jpg 600w, https:\/\/www.domainedutrappeur.com\/wp-content\/uploads\/2024\/06\/Raclette-800x450.jpg 800w, https:\/\/www.domainedutrappeur.com\/wp-content\/uploads\/2024\/06\/Raclette-1200x675.jpg 1200w, https:\/\/www.domainedutrappeur.com\/wp-content\/uploads\/2024\/06\/Raclette-rotated.jpg 1599w\" sizes=\"(max-width: 1024px) 100vw, 800px\" \/><\/span><\/li><li class=\"image\"><span class=\"fusion-image-hover-element hover-type-zoomin\"><img decoding=\"async\" src=\"https:\/\/domainedutrappeur.com\/wp-content\/uploads\/2019\/03\/domaine-du-trappeur-restaurant-05.jpg\" width=\"900\" height=\"584\" class=\"wp-image-418\" srcset=\"https:\/\/www.domainedutrappeur.com\/wp-content\/uploads\/2019\/03\/domaine-du-trappeur-restaurant-05-200x130.jpg 200w, https:\/\/www.domainedutrappeur.com\/wp-content\/uploads\/2019\/03\/domaine-du-trappeur-restaurant-05-400x260.jpg 400w, https:\/\/www.domainedutrappeur.com\/wp-content\/uploads\/2019\/03\/domaine-du-trappeur-restaurant-05-600x389.jpg 600w, https:\/\/www.domainedutrappeur.com\/wp-content\/uploads\/2019\/03\/domaine-du-trappeur-restaurant-05-800x519.jpg 800w, https:\/\/www.domainedutrappeur.com\/wp-content\/uploads\/2019\/03\/domaine-du-trappeur-restaurant-05.jpg 900w\" sizes=\"(max-width: 1024px) 100vw, 800px\" \/><\/span><\/li><\/ul><\/div><div class=\"fusion-clearfix\"><\/div><\/div><\/div><\/div><\/div>\n","protected":false},"excerpt":{"rendered":"","protected":false},"author":1,"featured_media":0,"parent":0,"menu_order":0,"comment_status":"closed","ping_status":"closed","template":"","meta":{"_exactmetrics_skip_tracking":false,"_exactmetrics_sitenote_active":false,"_exactmetrics_sitenote_note":"","_exactmetrics_sitenote_category":0,"footnotes":""},"class_list":["post-853","page","type-page","status-publish","hentry"],"yoast_head":"<!-- This site is optimized with the Yoast SEO plugin v24.0 - https:\/\/yoast.com\/wordpress\/plugins\/seo\/ -->\n<title>Restaurant - Domaine du Trappeur<\/title>\n<meta name=\"robots\" content=\"index, follow, max-snippet:-1, max-image-preview:large, max-video-preview:-1\" \/>\n<link rel=\"canonical\" href=\"https:\/\/www.domainedutrappeur.com\/de\/restaurant\/\" \/>\n<meta property=\"og:locale\" content=\"de_DE\" \/>\n<meta property=\"og:type\" content=\"article\" \/>\n<meta property=\"og:title\" content=\"Restaurant - Domaine du Trappeur\" \/>\n<meta property=\"og:url\" content=\"https:\/\/www.domainedutrappeur.com\/de\/restaurant\/\" \/>\n<meta property=\"og:site_name\" content=\"Domaine du Trappeur\" \/>\n<meta property=\"article:modified_time\" content=\"2026-04-06T14:04:52+00:00\" \/>\n<meta name=\"twitter:card\" content=\"summary_large_image\" \/>\n<meta name=\"twitter:label1\" content=\"Gesch\u00e4tzte Lesezeit\" \/>\n\t<meta name=\"twitter:data1\" content=\"2\u00a0Minuten\" \/>\n<script type=\"application\/ld+json\" class=\"yoast-schema-graph\">{\"@context\":\"https:\/\/schema.org\",\"@graph\":[{\"@type\":\"WebPage\",\"@id\":\"https:\/\/www.domainedutrappeur.com\/de\/restaurant\/\",\"url\":\"https:\/\/www.domainedutrappeur.com\/de\/restaurant\/\",\"name\":\"Restaurant - Domaine du Trappeur\",\"isPartOf\":{\"@id\":\"https:\/\/www.domainedutrappeur.com\/#website\"},\"datePublished\":\"2019-04-11T13:28:49+00:00\",\"dateModified\":\"2026-04-06T14:04:52+00:00\",\"breadcrumb\":{\"@id\":\"https:\/\/www.domainedutrappeur.com\/de\/restaurant\/#breadcrumb\"},\"inLanguage\":\"de\",\"potentialAction\":[{\"@type\":\"ReadAction\",\"target\":[\"https:\/\/www.domainedutrappeur.com\/de\/restaurant\/\"]}]},{\"@type\":\"BreadcrumbList\",\"@id\":\"https:\/\/www.domainedutrappeur.com\/de\/restaurant\/#breadcrumb\",\"itemListElement\":[{\"@type\":\"ListItem\",\"position\":1,\"name\":\"Accueil\",\"item\":\"https:\/\/www.domainedutrappeur.com\/de\/\"},{\"@type\":\"ListItem\",\"position\":2,\"name\":\"Restaurant\"}]},{\"@type\":\"WebSite\",\"@id\":\"https:\/\/www.domainedutrappeur.com\/#website\",\"url\":\"https:\/\/www.domainedutrappeur.com\/\",\"name\":\"Domaine du Trappeur\",\"description\":\"Camping Chalets Savoie Maurienne\",\"potentialAction\":[{\"@type\":\"SearchAction\",\"target\":{\"@type\":\"EntryPoint\",\"urlTemplate\":\"https:\/\/www.domainedutrappeur.com\/?s={search_term_string}\"},\"query-input\":{\"@type\":\"PropertyValueSpecification\",\"valueRequired\":true,\"valueName\":\"search_term_string\"}}],\"inLanguage\":\"de\"}]}<\/script>\n<!-- \/ Yoast SEO plugin. -->","yoast_head_json":{"title":"Restaurant - Domaine du Trappeur","robots":{"index":"index","follow":"follow","max-snippet":"max-snippet:-1","max-image-preview":"max-image-preview:large","max-video-preview":"max-video-preview:-1"},"canonical":"https:\/\/www.domainedutrappeur.com\/de\/restaurant\/","og_locale":"de_DE","og_type":"article","og_title":"Restaurant - Domaine du Trappeur","og_url":"https:\/\/www.domainedutrappeur.com\/de\/restaurant\/","og_site_name":"Domaine du Trappeur","article_modified_time":"2026-04-06T14:04:52+00:00","twitter_card":"summary_large_image","twitter_misc":{"Gesch\u00e4tzte Lesezeit":"2\u00a0Minuten"},"schema":{"@context":"https:\/\/schema.org","@graph":[{"@type":"WebPage","@id":"https:\/\/www.domainedutrappeur.com\/de\/restaurant\/","url":"https:\/\/www.domainedutrappeur.com\/de\/restaurant\/","name":"Restaurant - Domaine du Trappeur","isPartOf":{"@id":"https:\/\/www.domainedutrappeur.com\/#website"},"datePublished":"2019-04-11T13:28:49+00:00","dateModified":"2026-04-06T14:04:52+00:00","breadcrumb":{"@id":"https:\/\/www.domainedutrappeur.com\/de\/restaurant\/#breadcrumb"},"inLanguage":"de","potentialAction":[{"@type":"ReadAction","target":["https:\/\/www.domainedutrappeur.com\/de\/restaurant\/"]}]},{"@type":"BreadcrumbList","@id":"https:\/\/www.domainedutrappeur.com\/de\/restaurant\/#breadcrumb","itemListElement":[{"@type":"ListItem","position":1,"name":"Accueil","item":"https:\/\/www.domainedutrappeur.com\/de\/"},{"@type":"ListItem","position":2,"name":"Restaurant"}]},{"@type":"WebSite","@id":"https:\/\/www.domainedutrappeur.com\/#website","url":"https:\/\/www.domainedutrappeur.com\/","name":"Domaine du Trappeur","description":"Camping Chalets Savoie Maurienne","potentialAction":[{"@type":"SearchAction","target":{"@type":"EntryPoint","urlTemplate":"https:\/\/www.domainedutrappeur.com\/?s={search_term_string}"},"query-input":{"@type":"PropertyValueSpecification","valueRequired":true,"valueName":"search_term_string"}}],"inLanguage":"de"}]}},"_links":{"self":[{"href":"https:\/\/www.domainedutrappeur.com\/de\/wp-json\/wp\/v2\/pages\/853","targetHints":{"allow":["GET"]}}],"collection":[{"href":"https:\/\/www.domainedutrappeur.com\/de\/wp-json\/wp\/v2\/pages"}],"about":[{"href":"https:\/\/www.domainedutrappeur.com\/de\/wp-json\/wp\/v2\/types\/page"}],"author":[{"embeddable":true,"href":"https:\/\/www.domainedutrappeur.com\/de\/wp-json\/wp\/v2\/users\/1"}],"replies":[{"embeddable":true,"href":"https:\/\/www.domainedutrappeur.com\/de\/wp-json\/wp\/v2\/comments?post=853"}],"version-history":[{"count":3,"href":"https:\/\/www.domainedutrappeur.com\/de\/wp-json\/wp\/v2\/pages\/853\/revisions"}],"predecessor-version":[{"id":10803,"href":"https:\/\/www.domainedutrappeur.com\/de\/wp-json\/wp\/v2\/pages\/853\/revisions\/10803"}],"wp:attachment":[{"href":"https:\/\/www.domainedutrappeur.com\/de\/wp-json\/wp\/v2\/media?parent=853"}],"curies":[{"name":"wp","href":"https:\/\/api.w.org\/{rel}","templated":true}]}}