{"id":761,"date":"2019-04-11T11:19:12","date_gmt":"2019-04-11T09:19:12","guid":{"rendered":"https:\/\/www.domainedutrappeur.com\/?page_id=761"},"modified":"2023-11-21T09:19:47","modified_gmt":"2023-11-21T08:19:47","slug":"der-camping","status":"publish","type":"page","link":"https:\/\/www.domainedutrappeur.com\/de\/der-camping\/","title":{"rendered":"der Camping"},"content":{"rendered":"<p><div class=\"fusion-fullwidth fullwidth-box fusion-builder-row-1 nonhundred-percent-fullwidth non-hundred-percent-height-scrolling\" style=\"--awb-border-radius-top-left:0px;--awb-border-radius-top-right:0px;--awb-border-radius-bottom-right:0px;--awb-border-radius-bottom-left:0px;\" ><div class=\"fusion-builder-row fusion-row\"><div class=\"fusion-layout-column fusion_builder_column fusion-builder-column-0 fusion_builder_column_1_1 1_1 fusion-one-full fusion-column-first fusion-column-last\" style=\"--awb-bg-size:cover;\"><div class=\"fusion-column-wrapper fusion-flex-column-wrapper-legacy\"><div class=\"fusion-title title fusion-title-1 fusion-title-center fusion-title-text fusion-title-size-one\" style=\"--awb-sep-color:#4a332a;\"><div class=\"title-sep-container title-sep-container-left\"><div class=\"title-sep sep-single sep-solid\" style=\"border-color:#4a332a;\"><\/div><\/div><span class=\"awb-title-spacer\"><\/span><h1 class=\"title-heading-center\" style=\"margin:0;\"><strong>3 Unterkunftstypen, 3 Lebensstile!<\/strong><\/h1><span class=\"awb-title-spacer\"><\/span><div class=\"title-sep-container title-sep-container-right\"><div class=\"title-sep sep-single sep-solid\" style=\"border-color:#4a332a;\"><\/div><\/div><\/div><div class=\"fusion-clearfix\"><\/div><\/div><\/div><\/div><\/div><div class=\"fusion-fullwidth fullwidth-box fusion-builder-row-2 fusion-flex-container has-pattern-background has-mask-background bloc-sejours nonhundred-percent-fullwidth non-hundred-percent-height-scrolling\" style=\"--awb-border-radius-top-left:0px;--awb-border-radius-top-right:0px;--awb-border-radius-bottom-right:0px;--awb-border-radius-bottom-left:0px;\" ><div class=\"fusion-builder-row fusion-row fusion-flex-align-items-stretch\" style=\"max-width:1456px;margin-left: calc(-4% \/ 2 );margin-right: calc(-4% \/ 2 );\"><div class=\"fusion-layout-column fusion_builder_column fusion-builder-column-1 fusion_builder_column_1_3 1_3 fusion-flex-column fusion-column-inner-bg-wrapper fusion-column-liftup-border\" style=\"--awb-padding-top:20px;--awb-padding-right:20px;--awb-padding-bottom:20px;--awb-padding-left:20px;--awb-inner-bg-color:#f0f0f0;--awb-inner-bg-size:cover;--awb-width-large:33.333333333333%;--awb-margin-top-large:0px;--awb-spacing-right-large:5.76%;--awb-margin-bottom-large:20px;--awb-spacing-left-large:5.76%;--awb-width-medium:100%;--awb-order-medium:0;--awb-spacing-right-medium:1.92%;--awb-spacing-left-medium:1.92%;--awb-width-small:100%;--awb-order-small:0;--awb-spacing-right-small:1.92%;--awb-spacing-left-small:1.92%;\"><span class=\"fusion-column-inner-bg hover-type-liftup\"><a class=\"fusion-column-anchor\" href=\"https:\/\/www.domainedutrappeur.com\/de\/unsere-unterkuenfte\/die-stellplaetze\/\"><span class=\"fusion-column-inner-bg-image\"><\/span><\/a><\/span><div class=\"fusion-column-wrapper fusion-flex-justify-content-flex-start fusion-content-layout-column\"><div class=\"fusion-image-element \" style=\"--awb-caption-title-size:var(--h2_typography-font-size);--awb-caption-title-transform:var(--h2_typography-text-transform);--awb-caption-title-line-height:var(--h2_typography-line-height);--awb-caption-title-letter-spacing:var(--h2_typography-letter-spacing);\"><span class=\" fusion-imageframe imageframe-none imageframe-1 hover-type-none\"><img decoding=\"async\" width=\"800\" height=\"533\" title=\"domaine-du-trappeur-emplacement-01\" src=\"https:\/\/www.domainedutrappeur.com\/wp-content\/uploads\/2019\/03\/domaine-du-trappeur-emplacement-01.jpg\" alt class=\"img-responsive wp-image-6260\" srcset=\"https:\/\/www.domainedutrappeur.com\/wp-content\/uploads\/2019\/03\/domaine-du-trappeur-emplacement-01-200x133.jpg 200w, https:\/\/www.domainedutrappeur.com\/wp-content\/uploads\/2019\/03\/domaine-du-trappeur-emplacement-01-400x267.jpg 400w, https:\/\/www.domainedutrappeur.com\/wp-content\/uploads\/2019\/03\/domaine-du-trappeur-emplacement-01-600x400.jpg 600w, https:\/\/www.domainedutrappeur.com\/wp-content\/uploads\/2019\/03\/domaine-du-trappeur-emplacement-01.jpg 800w\" sizes=\"(max-width: 1024px) 100vw, (max-width: 640px) 100vw, 400px\" \/><\/span><\/div><div class=\"fusion-title title fusion-title-2 fusion-sep-none fusion-title-center fusion-title-text fusion-title-size-two\" style=\"--awb-margin-top:20px;--awb-margin-bottom:20px;\"><h2 class=\"title-heading-center\" style=\"margin:0;\"><span style=\"font-size: 22px;\"><strong>Die stellpl\u00e4tze<\/strong><\/span><\/h2><\/div><div class=\"fusion-text fusion-text-1\"><p>Unseren Stellpl\u00e4tzen f\u00fcr Zelt\/Wohnwagen\/Wohnmobil: mindestens 80 m2 volle Natur! Dank des terrassenf\u00f6rmigen Gel\u00e4ndes verf\u00fcgt jeder Stellplatz \u00fcber freie Sicht.<\/p>\n<\/div><\/div><\/div><div class=\"fusion-layout-column fusion_builder_column fusion-builder-column-2 fusion_builder_column_1_3 1_3 fusion-flex-column fusion-column-inner-bg-wrapper fusion-column-liftup-border\" style=\"--awb-padding-top:20px;--awb-padding-right:20px;--awb-padding-bottom:20px;--awb-padding-left:20px;--awb-inner-bg-color:#f0f0f0;--awb-inner-bg-size:cover;--awb-width-large:33.333333333333%;--awb-margin-top-large:0px;--awb-spacing-right-large:5.76%;--awb-margin-bottom-large:20px;--awb-spacing-left-large:5.76%;--awb-width-medium:100%;--awb-order-medium:0;--awb-spacing-right-medium:1.92%;--awb-spacing-left-medium:1.92%;--awb-width-small:100%;--awb-order-small:0;--awb-spacing-right-small:1.92%;--awb-spacing-left-small:1.92%;\"><span class=\"fusion-column-inner-bg hover-type-liftup\"><a class=\"fusion-column-anchor\" href=\"https:\/\/www.domainedutrappeur.com\/de\/unsere-unterkuenfte\/mieten-von-chalets\/\"><span class=\"fusion-column-inner-bg-image\"><\/span><\/a><\/span><div class=\"fusion-column-wrapper fusion-flex-justify-content-flex-start fusion-content-layout-column\"><div class=\"fusion-image-element \" style=\"--awb-caption-title-size:var(--h2_typography-font-size);--awb-caption-title-transform:var(--h2_typography-text-transform);--awb-caption-title-line-height:var(--h2_typography-line-height);--awb-caption-title-letter-spacing:var(--h2_typography-letter-spacing);\"><span class=\" fusion-imageframe imageframe-none imageframe-2 hover-type-none\"><img decoding=\"async\" width=\"800\" height=\"532\" title=\"domaine-du-trappeur-locations-chalet\" src=\"https:\/\/www.domainedutrappeur.com\/wp-content\/uploads\/2019\/03\/domaine-du-trappeur-locations-chalet.jpg\" alt class=\"img-responsive wp-image-252\" srcset=\"https:\/\/www.domainedutrappeur.com\/wp-content\/uploads\/2019\/03\/domaine-du-trappeur-locations-chalet-200x133.jpg 200w, https:\/\/www.domainedutrappeur.com\/wp-content\/uploads\/2019\/03\/domaine-du-trappeur-locations-chalet-400x266.jpg 400w, https:\/\/www.domainedutrappeur.com\/wp-content\/uploads\/2019\/03\/domaine-du-trappeur-locations-chalet-600x399.jpg 600w, https:\/\/www.domainedutrappeur.com\/wp-content\/uploads\/2019\/03\/domaine-du-trappeur-locations-chalet.jpg 800w\" sizes=\"(max-width: 1024px) 100vw, (max-width: 640px) 100vw, 400px\" \/><\/span><\/div><div class=\"fusion-title title fusion-title-3 fusion-sep-none fusion-title-center fusion-title-text fusion-title-size-two\" style=\"--awb-margin-top:20px;--awb-margin-bottom:20px;\"><h2 class=\"title-heading-center\" style=\"margin:0;\"><span style=\"font-size: 22px;\"><strong>Chalets<\/strong><\/span><\/h2><\/div><div class=\"fusion-text fusion-text-2\"><p>Sie bieten die W\u00e4rme eines Holzhauses und alle funktionellen Einrichtungen, die Sie f\u00fcr einen optimalen Komfort ben\u00f6tigen, mit privaten Terrassen und Gartenm\u00f6beln<\/p>\n<\/div><\/div><\/div><div class=\"fusion-layout-column fusion_builder_column fusion-builder-column-3 fusion_builder_column_1_3 1_3 fusion-flex-column fusion-column-inner-bg-wrapper fusion-column-liftup-border\" style=\"--awb-padding-top:20px;--awb-padding-right:20px;--awb-padding-bottom:20px;--awb-padding-left:20px;--awb-inner-bg-color:#f0f0f0;--awb-inner-bg-size:cover;--awb-width-large:33.333333333333%;--awb-margin-top-large:0px;--awb-spacing-right-large:5.76%;--awb-margin-bottom-large:20px;--awb-spacing-left-large:5.76%;--awb-width-medium:100%;--awb-order-medium:0;--awb-spacing-right-medium:1.92%;--awb-spacing-left-medium:1.92%;--awb-width-small:100%;--awb-order-small:0;--awb-spacing-right-small:1.92%;--awb-spacing-left-small:1.92%;\"><span class=\"fusion-column-inner-bg hover-type-liftup\"><a class=\"fusion-column-anchor\" href=\"https:\/\/www.domainedutrappeur.com\/de\/unsere-unterkuenfte\/aussergewoehnliche-unterkuenfte\/\"><span class=\"fusion-column-inner-bg-image\"><\/span><\/a><\/span><div class=\"fusion-column-wrapper fusion-flex-justify-content-flex-start fusion-content-layout-column\"><div class=\"fusion-image-element \" style=\"--awb-caption-title-size:var(--h2_typography-font-size);--awb-caption-title-transform:var(--h2_typography-text-transform);--awb-caption-title-line-height:var(--h2_typography-line-height);--awb-caption-title-letter-spacing:var(--h2_typography-letter-spacing);\"><span class=\" fusion-imageframe imageframe-none imageframe-3 hover-type-none\"><img decoding=\"async\" width=\"800\" height=\"532\" title=\"domaine-du-trappeur-locations-insolites\" src=\"https:\/\/www.domainedutrappeur.com\/wp-content\/uploads\/2019\/03\/domaine-du-trappeur-locations-insolites.jpg\" alt class=\"img-responsive wp-image-253\" srcset=\"https:\/\/www.domainedutrappeur.com\/wp-content\/uploads\/2019\/03\/domaine-du-trappeur-locations-insolites-200x133.jpg 200w, https:\/\/www.domainedutrappeur.com\/wp-content\/uploads\/2019\/03\/domaine-du-trappeur-locations-insolites-400x266.jpg 400w, https:\/\/www.domainedutrappeur.com\/wp-content\/uploads\/2019\/03\/domaine-du-trappeur-locations-insolites-600x399.jpg 600w, https:\/\/www.domainedutrappeur.com\/wp-content\/uploads\/2019\/03\/domaine-du-trappeur-locations-insolites.jpg 800w\" sizes=\"(max-width: 1024px) 100vw, (max-width: 640px) 100vw, 400px\" \/><\/span><\/div><div class=\"fusion-title title fusion-title-4 fusion-sep-none fusion-title-center fusion-title-text fusion-title-size-two\" style=\"--awb-margin-top:20px;--awb-margin-bottom:20px;\"><h2 class=\"title-heading-center\" style=\"margin:0;\"><span style=\"font-size: 22px;\"><strong>Tiny Houses<\/strong><\/span><\/h2><\/div><div class=\"fusion-text fusion-text-3\"><p>Ein Themenurlaub, der Sie zum echten Abenteurern macht, wie echtes Camping, aber komfortabler, f\u00fcr einen tollen Urlaub<\/p>\n<\/div><\/div><\/div><\/div><\/div><\/p>\n","protected":false},"excerpt":{"rendered":"","protected":false},"author":1,"featured_media":0,"parent":0,"menu_order":0,"comment_status":"closed","ping_status":"closed","template":"","meta":{"_exactmetrics_skip_tracking":false,"_exactmetrics_sitenote_active":false,"_exactmetrics_sitenote_note":"","_exactmetrics_sitenote_category":0,"footnotes":""},"class_list":["post-761","page","type-page","status-publish","hentry"],"yoast_head":"<!-- This site is optimized with the Yoast SEO plugin v24.0 - https:\/\/yoast.com\/wordpress\/plugins\/seo\/ -->\n<title>der Camping - Domaine du Trappeur<\/title>\n<meta name=\"robots\" content=\"index, follow, max-snippet:-1, max-image-preview:large, max-video-preview:-1\" \/>\n<link rel=\"canonical\" href=\"https:\/\/www.domainedutrappeur.com\/de\/der-camping\/\" \/>\n<meta property=\"og:locale\" content=\"de_DE\" \/>\n<meta property=\"og:type\" content=\"article\" \/>\n<meta property=\"og:title\" content=\"der Camping - Domaine du Trappeur\" \/>\n<meta property=\"og:url\" content=\"https:\/\/www.domainedutrappeur.com\/de\/der-camping\/\" \/>\n<meta property=\"og:site_name\" content=\"Domaine du Trappeur\" \/>\n<meta property=\"article:modified_time\" content=\"2023-11-21T08:19:47+00:00\" \/>\n<meta name=\"twitter:card\" content=\"summary_large_image\" \/>\n<meta name=\"twitter:label1\" content=\"Gesch\u00e4tzte Lesezeit\" \/>\n\t<meta name=\"twitter:data1\" content=\"7\u00a0Minuten\" \/>\n<script type=\"application\/ld+json\" class=\"yoast-schema-graph\">{\"@context\":\"https:\/\/schema.org\",\"@graph\":[{\"@type\":\"WebPage\",\"@id\":\"https:\/\/www.domainedutrappeur.com\/de\/der-camping\/\",\"url\":\"https:\/\/www.domainedutrappeur.com\/de\/der-camping\/\",\"name\":\"der Camping - Domaine du Trappeur\",\"isPartOf\":{\"@id\":\"https:\/\/www.domainedutrappeur.com\/#website\"},\"datePublished\":\"2019-04-11T09:19:12+00:00\",\"dateModified\":\"2023-11-21T08:19:47+00:00\",\"breadcrumb\":{\"@id\":\"https:\/\/www.domainedutrappeur.com\/de\/der-camping\/#breadcrumb\"},\"inLanguage\":\"de\",\"potentialAction\":[{\"@type\":\"ReadAction\",\"target\":[\"https:\/\/www.domainedutrappeur.com\/de\/der-camping\/\"]}]},{\"@type\":\"BreadcrumbList\",\"@id\":\"https:\/\/www.domainedutrappeur.com\/de\/der-camping\/#breadcrumb\",\"itemListElement\":[{\"@type\":\"ListItem\",\"position\":1,\"name\":\"Accueil\",\"item\":\"https:\/\/www.domainedutrappeur.com\/de\/\"},{\"@type\":\"ListItem\",\"position\":2,\"name\":\"der Camping\"}]},{\"@type\":\"WebSite\",\"@id\":\"https:\/\/www.domainedutrappeur.com\/#website\",\"url\":\"https:\/\/www.domainedutrappeur.com\/\",\"name\":\"Domaine du Trappeur\",\"description\":\"Camping Chalets Savoie Maurienne\",\"potentialAction\":[{\"@type\":\"SearchAction\",\"target\":{\"@type\":\"EntryPoint\",\"urlTemplate\":\"https:\/\/www.domainedutrappeur.com\/?s={search_term_string}\"},\"query-input\":{\"@type\":\"PropertyValueSpecification\",\"valueRequired\":true,\"valueName\":\"search_term_string\"}}],\"inLanguage\":\"de\"}]}<\/script>\n<!-- \/ Yoast SEO plugin. -->","yoast_head_json":{"title":"der Camping - Domaine du Trappeur","robots":{"index":"index","follow":"follow","max-snippet":"max-snippet:-1","max-image-preview":"max-image-preview:large","max-video-preview":"max-video-preview:-1"},"canonical":"https:\/\/www.domainedutrappeur.com\/de\/der-camping\/","og_locale":"de_DE","og_type":"article","og_title":"der Camping - Domaine du Trappeur","og_url":"https:\/\/www.domainedutrappeur.com\/de\/der-camping\/","og_site_name":"Domaine du Trappeur","article_modified_time":"2023-11-21T08:19:47+00:00","twitter_card":"summary_large_image","twitter_misc":{"Gesch\u00e4tzte Lesezeit":"7\u00a0Minuten"},"schema":{"@context":"https:\/\/schema.org","@graph":[{"@type":"WebPage","@id":"https:\/\/www.domainedutrappeur.com\/de\/der-camping\/","url":"https:\/\/www.domainedutrappeur.com\/de\/der-camping\/","name":"der Camping - Domaine du Trappeur","isPartOf":{"@id":"https:\/\/www.domainedutrappeur.com\/#website"},"datePublished":"2019-04-11T09:19:12+00:00","dateModified":"2023-11-21T08:19:47+00:00","breadcrumb":{"@id":"https:\/\/www.domainedutrappeur.com\/de\/der-camping\/#breadcrumb"},"inLanguage":"de","potentialAction":[{"@type":"ReadAction","target":["https:\/\/www.domainedutrappeur.com\/de\/der-camping\/"]}]},{"@type":"BreadcrumbList","@id":"https:\/\/www.domainedutrappeur.com\/de\/der-camping\/#breadcrumb","itemListElement":[{"@type":"ListItem","position":1,"name":"Accueil","item":"https:\/\/www.domainedutrappeur.com\/de\/"},{"@type":"ListItem","position":2,"name":"der Camping"}]},{"@type":"WebSite","@id":"https:\/\/www.domainedutrappeur.com\/#website","url":"https:\/\/www.domainedutrappeur.com\/","name":"Domaine du Trappeur","description":"Camping Chalets Savoie Maurienne","potentialAction":[{"@type":"SearchAction","target":{"@type":"EntryPoint","urlTemplate":"https:\/\/www.domainedutrappeur.com\/?s={search_term_string}"},"query-input":{"@type":"PropertyValueSpecification","valueRequired":true,"valueName":"search_term_string"}}],"inLanguage":"de"}]}},"_links":{"self":[{"href":"https:\/\/www.domainedutrappeur.com\/de\/wp-json\/wp\/v2\/pages\/761","targetHints":{"allow":["GET"]}}],"collection":[{"href":"https:\/\/www.domainedutrappeur.com\/de\/wp-json\/wp\/v2\/pages"}],"about":[{"href":"https:\/\/www.domainedutrappeur.com\/de\/wp-json\/wp\/v2\/types\/page"}],"author":[{"embeddable":true,"href":"https:\/\/www.domainedutrappeur.com\/de\/wp-json\/wp\/v2\/users\/1"}],"replies":[{"embeddable":true,"href":"https:\/\/www.domainedutrappeur.com\/de\/wp-json\/wp\/v2\/comments?post=761"}],"version-history":[{"count":0,"href":"https:\/\/www.domainedutrappeur.com\/de\/wp-json\/wp\/v2\/pages\/761\/revisions"}],"wp:attachment":[{"href":"https:\/\/www.domainedutrappeur.com\/de\/wp-json\/wp\/v2\/media?parent=761"}],"curies":[{"name":"wp","href":"https:\/\/api.w.org\/{rel}","templated":true}]}}